{"id":15,"date":"2024-02-14T09:17:43","date_gmt":"2024-02-14T09:17:43","guid":{"rendered":"http:\/\/waldbadenbraunschweig.wordpress.com\/?page_id=1"},"modified":"2024-04-16T12:28:17","modified_gmt":"2024-04-16T12:28:17","slug":"ueber","status":"publish","type":"page","link":"https:\/\/waldbaden-braunschweig.de\/?page_id=15","title":{"rendered":"\u00dcber mich"},"content":{"rendered":"\n<div class=\"wp-block-group alignfull has-global-padding is-layout-constrained wp-block-group-is-layout-constrained\" style=\"margin-top:0;margin-bottom:0;padding-top:var(--wp--preset--spacing--50);padding-right:var(--wp--preset--spacing--50);padding-bottom:var(--wp--preset--spacing--50);padding-left:var(--wp--preset--spacing--50)\">\n<h1 class=\"wp-block-heading has-text-align-center\" style=\"margin-top:0;margin-bottom:0\"><mark style=\"background-color:rgba(0, 0, 0, 0);color:#2d6850\" class=\"has-inline-color\">\u00dcber mich<\/mark><\/h1>\n\n\n\n<p><\/p>\n\n\n\n<div class=\"wp-block-group alignwide has-global-padding is-layout-constrained wp-container-core-group-is-layout-1 wp-block-group-is-layout-constrained\">\n<div class=\"wp-block-columns alignwide is-layout-flex wp-container-core-columns-is-layout-1 wp-block-columns-is-layout-flex\">\n<div class=\"wp-block-column is-vertically-aligned-center is-layout-flow wp-block-column-is-layout-flow\" style=\"flex-basis:50%\">\n<figure class=\"wp-block-image size-large\"><img decoding=\"async\" src=\"http:\/\/waldbaden-braunschweig.de\/wp-content\/uploads\/2024\/02\/200930_nie_1044-1.jpg?w=1024\" alt=\"\" class=\"wp-image-95\"\/><\/figure>\n<\/div>\n\n\n\n<div class=\"wp-block-column is-vertically-aligned-center is-layout-flow wp-block-column-is-layout-flow\" style=\"flex-basis:40%\">\n<h1 class=\"wp-block-heading has-text-align-center has-x-large-font-size\"><mark style=\"background-color:rgba(0, 0, 0, 0);color:#2d6850\" class=\"has-inline-color\">In der Natur f\u00fchle ich mich zu Hause!<\/mark><\/h1>\n\n\n\n<p><\/p>\n\n\n\n<p class=\"has-text-align-center\"><mark style=\"background-color:rgba(0, 0, 0, 0);color:#000000\" class=\"has-inline-color\">Ich liebe es, im Wald Zeit zu verbringen<\/mark>. <mark style=\"background-color:rgba(0, 0, 0, 0);color:#000000\" class=\"has-inline-color\">Diese Leidenschaft hat mich<\/mark> dazu gebracht 2021 die Ausbildung zur Waldwohltrainerin zu absolvieren. Aufenthalte im Wald st\u00e4rken K\u00f6rper, Geist und Seele. Als naturverbundene \u00c4rztin liegt es mir sehr am Herzen, Menschen f\u00fcr das gesundheitsf\u00f6rderliche Potenzial des Waldes zu begeistern.<mark style=\"background-color:rgba(0, 0, 0, 0);color:#000000\" class=\"has-inline-color\"> <\/mark>Waldbaden ist eine Einladung der Natur an jeden von uns, eine Auszeit vom stressigen Alltag zu nehmen und Selbstwirksamkeit zu erfahren!<\/p>\n\n\n\n<p class=\"has-text-align-center\"><mark style=\"background-color:rgba(0, 0, 0, 0);color:#2d6850\" class=\"has-inline-color\"><strong>Dr. Judith Rehberg<\/strong><\/mark><\/p>\n\n\n\n<p class=\"has-text-align-center\"><mark style=\"background-color:rgba(0, 0, 0, 0);color:#2d6850\" class=\"has-inline-color\">\u00c4rztin<\/mark>,<mark style=\"background-color:rgba(0, 0, 0, 0);color:#2d6850\" class=\"has-inline-color\"> zertifizierte Waldp\u00e4dagogin und Waldwohltrainerin<\/mark><\/p>\n<\/div>\n<\/div>\n<\/div>\n<\/div>\n","protected":false},"excerpt":{"rendered":"<p>\u00dcber mich In der Natur f\u00fchle ich mich zu Hause! Ich liebe es, im Wald Zeit zu verbringen. Diese Leidenschaft hat mich dazu gebracht 2021 die Ausbildung zur Waldwohltrainerin zu [&hellip;]<\/p>\n","protected":false},"author":1,"featured_media":0,"parent":0,"menu_order":0,"comment_status":"closed","ping_status":"open","template":"page-no-title","meta":{"_EventAllDay":false,"_EventTimezone":"","_EventStartDate":"","_EventEndDate":"","_EventStartDateUTC":"","_EventEndDateUTC":"","_EventShowMap":false,"_EventShowMapLink":false,"_EventURL":"","_EventCost":"","_EventCostDescription":"","_EventCurrencySymbol":"","_EventCurrencyCode":"","_EventCurrencyPosition":"","_EventDateTimeSeparator":"","_EventTimeRangeSeparator":"","_EventOrganizerID":[],"_EventVenueID":[],"_OrganizerEmail":"","_OrganizerPhone":"","_OrganizerWebsite":"","_VenueAddress":"","_VenueCity":"","_VenueCountry":"","_VenueProvince":"","_VenueState":"","_VenueZip":"","_VenuePhone":"","_VenueURL":"","_VenueStateProvince":"","_VenueLat":"","_VenueLng":"","_VenueShowMap":false,"_VenueShowMapLink":false,"footnotes":""},"_links":{"self":[{"href":"https:\/\/waldbaden-braunschweig.de\/index.php?rest_route=\/wp\/v2\/pages\/15"}],"collection":[{"href":"https:\/\/waldbaden-braunschweig.de\/index.php?rest_route=\/wp\/v2\/pages"}],"about":[{"href":"https:\/\/waldbaden-braunschweig.de\/index.php?rest_route=\/wp\/v2\/types\/page"}],"author":[{"embeddable":true,"href":"https:\/\/waldbaden-braunschweig.de\/index.php?rest_route=\/wp\/v2\/users\/1"}],"replies":[{"embeddable":true,"href":"https:\/\/waldbaden-braunschweig.de\/index.php?rest_route=%2Fwp%2Fv2%2Fcomments&post=15"}],"version-history":[{"count":2,"href":"https:\/\/waldbaden-braunschweig.de\/index.php?rest_route=\/wp\/v2\/pages\/15\/revisions"}],"predecessor-version":[{"id":266,"href":"https:\/\/waldbaden-braunschweig.de\/index.php?rest_route=\/wp\/v2\/pages\/15\/revisions\/266"}],"wp:attachment":[{"href":"https:\/\/waldbaden-braunschweig.de\/index.php?rest_route=%2Fwp%2Fv2%2Fmedia&parent=15"}],"curies":[{"name":"wp","href":"https:\/\/api.w.org\/{rel}","templated":true}]}}